{"id":3123,"date":"2025-10-23T15:03:44","date_gmt":"2025-10-23T13:03:44","guid":{"rendered":"https:\/\/kulturbuero-bremen.de\/?page_id=3123"},"modified":"2026-04-10T18:34:35","modified_gmt":"2026-04-10T16:34:35","slug":"zine-archive-2025","status":"publish","type":"page","link":"https:\/\/kulturbuero-bremen.de\/en\/zine-archive-2025\/","title":{"rendered":"Zine Archive 2025"},"content":{"rendered":"\n<p><\/p>\n\n\n\n<figure class=\"wp-block-image size-large\"><img loading=\"lazy\" width=\"1024\" height=\"512\" src=\"https:\/\/kulturbuero-bremen.de\/wp-content\/uploads\/2025\/10\/Banner_Normal_0309_3-1024x512.jpg\" alt=\"\" class=\"wp-image-3110\" srcset=\"https:\/\/kulturbuero-bremen.de\/wp-content\/uploads\/2025\/10\/Banner_Normal_0309_3-1024x512.jpg 1024w, https:\/\/kulturbuero-bremen.de\/wp-content\/uploads\/2025\/10\/Banner_Normal_0309_3-300x150.jpg 300w, https:\/\/kulturbuero-bremen.de\/wp-content\/uploads\/2025\/10\/Banner_Normal_0309_3-768x384.jpg 768w, https:\/\/kulturbuero-bremen.de\/wp-content\/uploads\/2025\/10\/Banner_Normal_0309_3-1536x768.jpg 1536w, https:\/\/kulturbuero-bremen.de\/wp-content\/uploads\/2025\/10\/Banner_Normal_0309_3.jpg 1920w\" sizes=\"(max-width: 1024px) 100vw, 1024px\" \/><\/figure>\n\n\n\n<p><\/p>\n\n\n\n<p>Der Verein Kulturnetz e.V. und das Zentrum f\u00fcr K\u00fcnstlerpublikationen im Museum Weserburg f\u00fcr moderne Kunst bauen eine repr\u00e4sentative Sammlung des Bremer Zine Festivals auf. Diese wird der \u00d6ffentlichkeit zug\u00e4nglich gehalten.<\/p>\n\n\n\n<p><em>The association Kulturnetz e.V. and the Center for Artists&#8217; Publications at the Weserburg Museum of Modern Art are building a representative collection of the Bremen Zine Festival. This will be kept accessible to the public.<\/em><\/p>\n\n\n\n<hr class=\"wp-block-separator\"\/>\n\n\n\n<p>Der Zeitraum f\u00fcr Eintragungen in das Bremer Zine Archiv 2025 ist beendet.<\/p>\n\n\n\n<p><em>The period for entries in the Bremen Zine Archive 2025 has ended.<\/em><\/p>\n","protected":false},"excerpt":{"rendered":"<p>Der Verein Kulturnetz e.V. und das Zentrum f\u00fcr K\u00fcnstlerpublikationen im Museum Weserburg f\u00fcr moderne Kunst bauen eine repr\u00e4sentative Sammlung des<\/p>\n","protected":false},"author":1,"featured_media":0,"parent":0,"menu_order":0,"comment_status":"closed","ping_status":"closed","template":"","meta":[],"_links":{"self":[{"href":"https:\/\/kulturbuero-bremen.de\/en\/wp-json\/wp\/v2\/pages\/3123"}],"collection":[{"href":"https:\/\/kulturbuero-bremen.de\/en\/wp-json\/wp\/v2\/pages"}],"about":[{"href":"https:\/\/kulturbuero-bremen.de\/en\/wp-json\/wp\/v2\/types\/page"}],"author":[{"embeddable":true,"href":"https:\/\/kulturbuero-bremen.de\/en\/wp-json\/wp\/v2\/users\/1"}],"replies":[{"embeddable":true,"href":"https:\/\/kulturbuero-bremen.de\/en\/wp-json\/wp\/v2\/comments?post=3123"}],"version-history":[{"count":6,"href":"https:\/\/kulturbuero-bremen.de\/en\/wp-json\/wp\/v2\/pages\/3123\/revisions"}],"predecessor-version":[{"id":3171,"href":"https:\/\/kulturbuero-bremen.de\/en\/wp-json\/wp\/v2\/pages\/3123\/revisions\/3171"}],"wp:attachment":[{"href":"https:\/\/kulturbuero-bremen.de\/en\/wp-json\/wp\/v2\/media?parent=3123"}],"curies":[{"name":"wp","href":"https:\/\/api.w.org\/{rel}","templated":true}]}}