{"id":2705,"date":"2025-09-03T19:53:12","date_gmt":"2025-09-03T17:53:12","guid":{"rendered":"https:\/\/kulturbuero-bremen.de\/?page_id=2705"},"modified":"2025-10-07T17:58:22","modified_gmt":"2025-10-07T15:58:22","slug":"programm","status":"publish","type":"page","link":"https:\/\/kulturbuero-bremen.de\/en\/programm\/","title":{"rendered":"Programm Bremer Zine Festival 2025"},"content":{"rendered":"\n<p><strong>ZINE FAIR St\u00e4dtische Galerie<\/strong><br>FR 24.10. 14:00\u201319:00, SA 25.10. + SO 26.10. 11:00\u201319:00<\/p>\n\n\n\n<h4><strong>Freitag 24.10.25<\/strong><\/h4>\n\n\n\n<ul><li><a href=\"https:\/\/kulturbuero-bremen.de\/offener-workspace\/\">Offener Workspace mit Zinetopia<\/a>, St\u00e4dtische Galerie, 14:00 &#8211; 18:00 Uhr<\/li><li><a href=\"https:\/\/kulturbuero-bremen.de\/comickultur-von-rechts-themen-inhalte-und-strukturen\/\">Vortrag \u201eRechte Comics\u201c<\/a> von Nils Oskamp, St\u00e4dtische Galerie, 15:30 Uhr<\/li><li><a href=\"https:\/\/kulturbuero-bremen.de\/lesung-community-gardens-eine-andere-welt-ist-pflanzbar\/\">Lesung \u201cUrbangardening Zine\u201d<\/a> von Fred Spenner\/ Underdogfanzine, St\u00e4dtische Galerie, 17:30 Uhr<\/li><li><a href=\"https:\/\/kulturbuero-bremen.de\/4-bremer-zine-festival-comicbattle\/\">4 Bremer Zine Festival Comicbattle<\/a>, Kukoon, Einlass 19:30, Beginn 20:00 Uhr<\/li><\/ul>\n\n\n\n<h4><strong>Samstag 25.10.<\/strong><\/h4>\n\n\n\n<ul><li><a href=\"https:\/\/kulturbuero-bremen.de\/riso-zines-mit-pflanzen-workshop-mit-doch\/\">Zine-Workshop mit DOCH<\/a>, St\u00e4dtische Galerie, 12:00 &#8211; 18:00 Uhr:<\/li><li><a href=\"https:\/\/kulturbuero-bremen.de\/comic-lesung-springmagazin\/\">Comic Lesung \u201cSpringmagazin\u201d<\/a>, St\u00e4dtische Galerie, Erdgeschoss 15:00 Uhr:<\/li><li><a href=\"https:\/\/kulturbuero-bremen.de\/vortrag-murf-murw-festival-tilburg\/\">Vortrag \u201cMurf Murw Festival \u2013 Tilburg\u201d<\/a>, St\u00e4dtische Galerie, Erdgeschoss 17:00 Uhr:<\/li><li><a href=\"https:\/\/kulturbuero-bremen.de\/comic-lesung-war-diary\/\">Comic Lesung \u201cWar Diary\u201d<\/a>&#8211; Olena Iliasova &amp;Maria Apriatova, Kukoon, 20:00 &#8211; 22:00 Uhr:<\/li><\/ul>\n\n\n\n<h4><strong>Sonntag 26.10.<\/strong><\/h4>\n\n\n\n<ul><li><a href=\"https:\/\/kulturbuero-bremen.de\/offener-workspace\/\">Offener Workspace mit Zinetopia<\/a>, St\u00e4dtische Galerie, 12:00 &#8211; 18:00 Uhr:<\/li><li><a href=\"https:\/\/kulturbuero-bremen.de\/zukunft-braucht-erinnerung-judenhass-shoah-und-israel-im-comic\/\">Vortrag: \u201cAntisemitismus in Comics\u201d<\/a> von Martin Frenzel, St\u00e4dtische Galerie, 14:30 &#8211; 15:30 Uhr:<\/li><li><a href=\"https:\/\/kulturbuero-bremen.de\/open-mic-zine-lesungen\/\">Open Mic\/ Zine-Lesungen<\/a>, St\u00e4dtische Galerie, 16:30 &#8211; 18:00 Uhr:<\/li><\/ul>\n\n\n\n<p><\/p>\n\n\n\n<h4>Informationen zur Barrierefreiheit<\/h4>\n\n\n\n<p>Die <strong>ZineFair<\/strong> findet in der oberen Etage in den Ausstellungsr\u00e4umen der <a href=\"https:\/\/www.staedtischegalerie-bremen.de\/\"><strong>St\u00e4dtischen Galerie<\/strong> <strong>Bremen<\/strong><\/a><strong> <\/strong>(Buntentorsteinweg 112, 28201 Bremen) statt, Vortr\u00e4ge und Workshops im Erdgeschoss der Galerie und in den R\u00e4umlichkeiten der <strong>Musiker Initiative Bremen (MIB)<\/strong>. In der Galerie gibt es einen Aufzug. Die Toiletten befinden sich im Erdgeschoss, sind allerdings nicht zug\u00e4nglich f\u00fcr Rollstuhlfahrer*innen. Die MIB befindet sich ebenfalls im selben Haus, der Eingang ist ebenerdig um die Hausecke Richtung Treppe zum Deich. Ein weiterer Veranstaltungsort ist das <strong><a href=\"https:\/\/www.kukoon.de\/de\">Caf\u00e9\/Bar Kukoon<\/a><\/strong> (Buntentorsteinweg 29, 28201 Bremen)<\/p>\n\n\n\n<h4>Detailierte <strong>Zugangs-Informationen zur St\u00e4dtischen Galerie<\/strong> <a href=\"https:\/\/barrierefrei.bremen.de\/visitenkarte\/staedtische-galerie-bremen-29517679#\/\">hier<\/a><\/h4>\n\n\n\n<h4>Detailierte <strong>Zugangs-Informationen zum Kukoon<\/strong> <a href=\"https:\/\/barrierefrei.bremen.de\/visitenkarte\/kulturzentrum-kukoon-46264367#\/\">hier<\/a><br><\/h4>\n\n\n\n<h4><strong>Sponsoren und Partner:<\/strong><\/h4>\n\n\n\n<p>St\u00e4dtische Galerie Bremen, Senator f\u00fcr Kultur Bremen, Wirtschaftsf\u00f6rderung Bremen, Ortsamt Neustadt \/ Beirat Neustadt, Karin und Uwe Hollweg Stiftung, Waldemar Koch Stiftung, Sparkasse Bremen, Literaturkontor Bremen e.V., Artist Against Antisemitism, Kukoon, Landeszentrale f\u00fcr politische Bildung Bremen, Deutsch-Israelische Gesellschaft Bremen, Monom Stiftung, D.O.C.H., Zinetopia, Menorah liberale J\u00fcdische Gemeinde<\/p>\n","protected":false},"excerpt":{"rendered":"<p>ZINE FAIR St\u00e4dtische GalerieFR 24.10. 14:00\u201319:00, SA 25.10. + SO 26.10. 11:00\u201319:00 Freitag 24.10.25 Offener Workspace mit Zinetopia, St\u00e4dtische Galerie,<\/p>\n","protected":false},"author":1,"featured_media":0,"parent":0,"menu_order":0,"comment_status":"closed","ping_status":"closed","template":"","meta":[],"_links":{"self":[{"href":"https:\/\/kulturbuero-bremen.de\/en\/wp-json\/wp\/v2\/pages\/2705"}],"collection":[{"href":"https:\/\/kulturbuero-bremen.de\/en\/wp-json\/wp\/v2\/pages"}],"about":[{"href":"https:\/\/kulturbuero-bremen.de\/en\/wp-json\/wp\/v2\/types\/page"}],"author":[{"embeddable":true,"href":"https:\/\/kulturbuero-bremen.de\/en\/wp-json\/wp\/v2\/users\/1"}],"replies":[{"embeddable":true,"href":"https:\/\/kulturbuero-bremen.de\/en\/wp-json\/wp\/v2\/comments?post=2705"}],"version-history":[{"count":10,"href":"https:\/\/kulturbuero-bremen.de\/en\/wp-json\/wp\/v2\/pages\/2705\/revisions"}],"predecessor-version":[{"id":3091,"href":"https:\/\/kulturbuero-bremen.de\/en\/wp-json\/wp\/v2\/pages\/2705\/revisions\/3091"}],"wp:attachment":[{"href":"https:\/\/kulturbuero-bremen.de\/en\/wp-json\/wp\/v2\/media?parent=2705"}],"curies":[{"name":"wp","href":"https:\/\/api.w.org\/{rel}","templated":true}]}}