{"id":2694,"date":"2025-09-16T19:00:10","date_gmt":"2025-09-16T17:00:10","guid":{"rendered":"https:\/\/kulturbuero-bremen.de\/?page_id=2694"},"modified":"2025-10-21T14:11:20","modified_gmt":"2025-10-21T12:11:20","slug":"ausstellerinnen-zine-festival-2025","status":"publish","type":"page","link":"https:\/\/kulturbuero-bremen.de\/en\/ausstellerinnen-zine-festival-2025\/","title":{"rendered":"Aussteller*innen\/ exhibitors Zine Festival 2025"},"content":{"rendered":"\n<figure class=\"wp-block-image size-large\"><img loading=\"lazy\" width=\"1024\" height=\"512\" src=\"https:\/\/kulturbuero-bremen.de\/wp-content\/uploads\/2025\/09\/Banner_Normal_0309_3-1024x512.jpg\" alt=\"\" class=\"wp-image-2723\" srcset=\"https:\/\/kulturbuero-bremen.de\/wp-content\/uploads\/2025\/09\/Banner_Normal_0309_3-1024x512.jpg 1024w, https:\/\/kulturbuero-bremen.de\/wp-content\/uploads\/2025\/09\/Banner_Normal_0309_3-300x150.jpg 300w, https:\/\/kulturbuero-bremen.de\/wp-content\/uploads\/2025\/09\/Banner_Normal_0309_3-768x384.jpg 768w, https:\/\/kulturbuero-bremen.de\/wp-content\/uploads\/2025\/09\/Banner_Normal_0309_3-1536x768.jpg 1536w, https:\/\/kulturbuero-bremen.de\/wp-content\/uploads\/2025\/09\/Banner_Normal_0309_3.jpg 1920w\" sizes=\"(max-width: 1024px) 100vw, 1024px\" \/><\/figure>\n\n\n\n<p>Vom 24. bis 26. Oktober 2025 feiert das Bremer Zine-Festival seine 7. Ausgabe in der St\u00e4dtischen Galerie Bremen und verwandelt den Veranstaltungsort erneut in einen Treffpunkt f\u00fcr unabh\u00e4ngige Printkultur. Das vom Kulturnetz e.V. ausgerichtete Festival begr\u00fc\u00dft \u00fcber 70 Aussteller*innen aus Bremen, Deutschland und der Welt und bietet eine vielf\u00e4ltige Auswahl an Zines, die von queeren und politischen Publikationen \u00fcber Poesie, Comics und Musik-Fanzines bis hin zu pers\u00f6nlichen Erz\u00e4hlungen reichen.<\/p>\n\n\n\n<p>Wir freuen uns auf:<\/p>\n\n\n\n<p><a href=\"https:\/\/www.instagram.com\/banana_poster_press\/\">Banana Poster Press<\/a> <\/p>\n\n\n\n<p><a href=\"https:\/\/www.instagram.com\/bumakasimir\/\">Bumakasimir <\/a><\/p>\n\n\n\n<p><a href=\"https:\/\/www.instagram.com\/buyanbuyu9595\">Buyu Xu<\/a> <\/p>\n\n\n\n<p><a href=\"https:\/\/yangyufan.com\">Cannonballs und Yufan<\/a> <\/p>\n\n\n\n<p><a href=\"https:\/\/www.clairegranereau.com\/\">Claire Granereau<\/a> <\/p>\n\n\n\n<p><a href=\"https:\/\/www.instagram.com\/clarakiehnlein\/\">Clara Kiehnlein<\/a> <\/p>\n\n\n\n<p><a href=\"https:\/\/www.instagram.com\/daserotikmagazin\/\">Das Erotic Magazin<\/a><\/p>\n\n\n\n<p><a href=\"https:\/\/www.instagram.com\/dennis__busch\">Dennis Busch<\/a> <\/p>\n\n\n\n<p>&nbsp;<a href=\"https:\/\/vidinski.com\">EDITION DRYADE<\/a>&nbsp;<\/p>\n\n\n\n<p><a href=\"https:\/\/www.TOLLWURSTREGEN.de\">edition TOLLWURSTREGEN <\/a><\/p>\n\n\n\n<p><a href=\"https:\/\/www.instagram.com\/eid.creates\/\">Eid Creates<\/a> <\/p>\n\n\n\n<p><a href=\"https:\/\/christian-kuhtz.com\/\">einf\u00e4lle statt abf\u00e4lle<\/a><\/p>\n\n\n\n<p><a href=\"https:\/\/www.instagram.com\/geleeregen\">Gel\u00e9eregen<\/a> <\/p>\n\n\n\n<p><a href=\"https:\/\/www.hannahkolling.com\/\">Hannah Kolling<\/a><\/p>\n\n\n\n<p><a href=\"https:\/\/www.instagram.com\/morawart\">Hannah Moraw<\/a> <\/p>\n\n\n\n<p><a href=\"https:\/\/www.hapillu.com\">hapillu <\/a><\/p>\n\n\n\n<p>I<a href=\"https:\/\/www.instagram.com\/illusticooooo_\/\">llustico<\/a> <\/p>\n\n\n\n<p><a href=\"https:\/\/www.instagram.com\/lzk.ise\">ise.lee<\/a> <\/p>\n\n\n\n<p><a href=\"https:\/\/www.instagram.com\/jasoulina\">jaSOULina<\/a> <\/p>\n\n\n\n<p><a href=\"https:\/\/padlet.com\/kipo3\/kipos-zines-nszy5stza8vzh7g5\">Jo<\/a> <\/p>\n\n\n\n<p><a href=\"https:\/\/www.julianahellmuth.com\/\">Juliana Hellmuth<\/a> <\/p>\n\n\n\n<p><a href=\"https:\/\/karpazines.carrd.co\">Karpav0li<\/a> <\/p>\n\n\n\n<p><a href=\"https:\/\/www.kollektiv-piupiu.de\/\">Kollektiv PiuPiu<\/a> <\/p>\n\n\n\n<p><a href=\"https:\/\/www.hagenklennert.de\">Lichtbild Nord\/Ost<\/a> <\/p>\n\n\n\n<p><a href=\"https:\/\/liswalter.com\">Lis Walter<\/a> <\/p>\n\n\n\n<p><a href=\"https:\/\/www.instagram.com\/lizartlizardlizart\">Lizzy Lizard<\/a> <\/p>\n\n\n\n<p><a href=\"https:\/\/lui-kohlmann.de\">Lui Kohlmann<\/a> <\/p>\n\n\n\n<p><a href=\"https:\/\/www.maroverlag.de\/\">MaroVerlag<\/a> <\/p>\n\n\n\n<p><a href=\"https:\/\/mariakarasjow.wixsite.com\/\">Maria Karasjow <\/a><\/p>\n\n\n\n<p><a href=\"https:\/\/www.instagram.com\/macha_kracha\">Masha Bisalieva<\/a> <\/p>\n\n\n\n<p><a href=\"https:\/\/miriamklauke.com\">Miriam Klauke<\/a> <\/p>\n\n\n\n<p><a href=\"https:\/\/www.tumblr.com\/magdalenakaszuba\">Magdalena Kaszuba<\/a> <\/p>\n\n\n\n<p><a href=\"https:\/\/www.mamiverlag.de\/\">mamiverlag <\/a><\/p>\n\n\n\n<p><a href=\"https:\/\/murfmurw.com\/en\/home-en\/\">murfmurw Festival<\/a> <\/p>\n\n\n\n<p><a href=\"https:\/\/www.instagram.com\/necromaniaczine\">Necromaniac Zine<\/a> <\/p>\n\n\n\n<p><a href=\"https:\/\/nelejongeling.de\">Nele Jongeling<\/a> <\/p>\n\n\n\n<p><a href=\"https:\/\/www.instagram.com\/no.lte\/\">Nolte<\/a> <\/p>\n\n\n\n<p><a href=\"https:\/\/neubild.works\/orten\">Orten | Enclosures<\/a> <\/p>\n\n\n\n<p><a href=\"https:\/\/www.pablosanguesa.com\">Pablo Sang\u00fcesa <\/a><\/p>\n\n\n\n<p><a href=\"https:\/\/packpapierverlag.de\">Packpapierverlag<\/a> <\/p>\n\n\n\n<p><a href=\"https:\/\/paulapenelope.com\/\">pape <\/a><\/p>\n\n\n\n<p><a href=\"https:\/\/peachfuzzines.bigcartel.com\">Peachfuzzines<\/a> <\/p>\n\n\n\n<p><a href=\"https:\/\/www.pollyverlag.com\">Polly Verlag<\/a> <\/p>\n\n\n\n<p>Postcards from Postapocalypse aka Nutria Paradise&nbsp; \/&nbsp; Jilian Smillar<\/p>\n\n\n\n<p><a href=\"https:\/\/www.rudefish.online\/\">RudeFish<\/a> <\/p>\n\n\n\n<p><a href=\"https:\/\/evoraren.de\">ren evora<\/a> <\/p>\n\n\n\n<p><a href=\"https:\/\/www.instagram.com\/kassy__art\/\">Satomi Kashihara<\/a> <\/p>\n\n\n\n<p><a href=\"http:\/\/www.casparsessler.com\">serendipity dispatch<\/a> <\/p>\n\n\n\n<p><a href=\"https:\/\/soenkeluehring.de\">S\u00f6nke L\u00fchring<\/a> <\/p>\n\n\n\n<p><a href=\"http:\/\/@semeursdegrainesdereves\" data-type=\"URL\" data-id=\"@semeursdegrainesdereves\">s<\/a><a href=\"https:\/\/www.instagram.com\/semeursdegrainesdereves\/\">emeurs de graines de reves<\/a><\/p>\n\n\n\n<p><a href=\"https:\/\/sternstundendeskapitalismus.de\">Sternstunden des Kapitalismus<\/a><\/p>\n\n\n\n<p><a href=\"https:\/\/stefanmosebach.com\/\">Stef Mosebach <\/a><\/p>\n\n\n\n<p><a href=\"https:\/\/www.suug.info\">SUUG magazine<\/a> <\/p>\n\n\n\n<p><a href=\"https:\/\/www.sterput.org\">Sterput<\/a> <\/p>\n\n\n\n<p><a href=\"https:\/\/www.underdog-fanzine.de\">underdog fanzine<\/a> <\/p>\n\n\n\n<p><a href=\"https:\/\/vonweither-geholt.de\/\">VON WEIT HER(GEHOLT)<\/a> <\/p>\n\n\n\n<p><a href=\"https:\/\/www.instagram.com\/werkstatt_fuer_comics\/\">Werkstatt f\u00fcr Comics<\/a><\/p>\n\n\n\n<p>Zinetopia<\/p>\n","protected":false},"excerpt":{"rendered":"<p>Vom 24. bis 26. Oktober 2025 feiert das Bremer Zine-Festival seine 7. Ausgabe in der St\u00e4dtischen Galerie Bremen und verwandelt<\/p>\n","protected":false},"author":1,"featured_media":0,"parent":0,"menu_order":0,"comment_status":"closed","ping_status":"closed","template":"","meta":[],"_links":{"self":[{"href":"https:\/\/kulturbuero-bremen.de\/en\/wp-json\/wp\/v2\/pages\/2694"}],"collection":[{"href":"https:\/\/kulturbuero-bremen.de\/en\/wp-json\/wp\/v2\/pages"}],"about":[{"href":"https:\/\/kulturbuero-bremen.de\/en\/wp-json\/wp\/v2\/types\/page"}],"author":[{"embeddable":true,"href":"https:\/\/kulturbuero-bremen.de\/en\/wp-json\/wp\/v2\/users\/1"}],"replies":[{"embeddable":true,"href":"https:\/\/kulturbuero-bremen.de\/en\/wp-json\/wp\/v2\/comments?post=2694"}],"version-history":[{"count":9,"href":"https:\/\/kulturbuero-bremen.de\/en\/wp-json\/wp\/v2\/pages\/2694\/revisions"}],"predecessor-version":[{"id":3115,"href":"https:\/\/kulturbuero-bremen.de\/en\/wp-json\/wp\/v2\/pages\/2694\/revisions\/3115"}],"wp:attachment":[{"href":"https:\/\/kulturbuero-bremen.de\/en\/wp-json\/wp\/v2\/media?parent=2694"}],"curies":[{"name":"wp","href":"https:\/\/api.w.org\/{rel}","templated":true}]}}