{"id":2422,"date":"2025-03-21T18:29:19","date_gmt":"2025-03-21T17:29:19","guid":{"rendered":"https:\/\/kulturbuero-bremen.de\/?page_id=2422"},"modified":"2025-05-24T15:25:00","modified_gmt":"2025-05-24T13:25:00","slug":"cutting-edge-collagen-und-zine-workshop-mit-lula-valletta","status":"publish","type":"page","link":"https:\/\/kulturbuero-bremen.de\/en\/cutting-edge-collagen-und-zine-workshop-mit-lula-valletta\/","title":{"rendered":"Cutting Edge &#8211; Collagen und Zine-Workshop  \tmit Lula Valletta"},"content":{"rendered":"\n<p><strong>Workshop: 28. &#8211; 29.06. 2025, 13:00 bis 18:00<\/strong><\/p>\n\n\n\n<p><strong>Anmeldungen: zinefest@kulturbuero-bremen.de<\/strong><\/p>\n\n\n\n<p> <strong>Ort: Raum404, Nicolaistrasse 34\/36, 20195 Bremen<\/strong><\/p>\n\n\n\n<p>der Worshop findet statt im Rahmen der Ausstellung <strong>search and destroy<\/strong><\/p>\n\n\n\n<p>Vernissage: 16.05. 2025, 19:0<\/p>\n\n\n\n<p>Ausstellung: 08.03. \u2013 19.04. 2025<\/p>\n\n\n\n<p>\u00d6ffnungszeiten: Do. und Fr. 16:00 \u2013 19:00, Sa. 14:00 \u2013 17:00<\/p>\n\n\n\n<p>Jeden Tag, den ganzen Tag, werden wir von Bildern \u00fcberflutet. Manche ber\u00fchren uns nur kurz, andere brennen sich in unser Ged\u00e4chtnis ein. Ob es sich um einen Werbespot im Fernsehen, ein Plakat auf der Stra\u00dfe oder einen Aufdruck auf Ihrem T-Shirt handelt, diese Bilder vermitteln uns Botschaften oder helfen uns, unsere eigenen zu formulieren. In diesem Workshop werden wir verschiedene Arten von Bildern verwenden, um unsere eigene Botschaft zu kreieren.<\/p>\n\n\n\n<figure class=\"wp-block-image size-large is-resized\"><img loading=\"lazy\" src=\"https:\/\/kulturbuero-bremen.de\/wp-content\/uploads\/2025\/03\/scan_20240720181057-770x1024.jpg\" alt=\"\" class=\"wp-image-2428\" width=\"261\" height=\"347\" srcset=\"https:\/\/kulturbuero-bremen.de\/wp-content\/uploads\/2025\/03\/scan_20240720181057-770x1024.jpg 770w, https:\/\/kulturbuero-bremen.de\/wp-content\/uploads\/2025\/03\/scan_20240720181057-226x300.jpg 226w, https:\/\/kulturbuero-bremen.de\/wp-content\/uploads\/2025\/03\/scan_20240720181057-768x1021.jpg 768w, https:\/\/kulturbuero-bremen.de\/wp-content\/uploads\/2025\/03\/scan_20240720181057-1155x1536.jpg 1155w, https:\/\/kulturbuero-bremen.de\/wp-content\/uploads\/2025\/03\/scan_20240720181057.jpg 1444w\" sizes=\"(max-width: 261px) 100vw, 261px\" \/><\/figure>\n\n\n\n<p>Im Laufe der Geschichte hat sich gezeigt, dass das Medium der Collage in schwierigen Zeiten einen Aufschwung erlebt hat. Bewegungen wie der Kubismus, der Surrealismus und der Dadaismus, die einen collage\u00e4hnlichen Stil verwendeten, bl\u00fchten alle in Zeiten von Krieg und Zerst\u00f6rung auf. Die Dadaisten nutzten Zeitschriften und B\u00fccher, um die gesellschaftlichen Normen zu brechen, und verwandelten sie in radikale Bilder, um ihre Abscheu vor dem Krieg und dem Leben im Allgemeinen zum Ausdruck zu bringen. Anstelle von Kunst schufen sie Anti-Kunst. Sp\u00e4ter, in der Pop-Art-Bewegung, versuchten viele K\u00fcnstler mit Hilfe der Collage, den schmalen Grat zwischen Massen- und Hochkultur zu definieren. Sie integrierten Bilder aus Werbung, Fernsehen und Konsumkultur in ihre Werke. Die Collage ist ein hervorragendes Mittel, um starke Botschaften oder Emotionen auszudr\u00fccken, vor allem, weil sie ein bestimmtes Bild der Realit\u00e4t zerrei\u00dft und verzerrt. In diesem Workshop werden wir dar\u00fcber sprechen, warum die Collage ein so wichtiges Medium ist, besonders heute, wo sich alles um uns herum so schnell ver\u00e4ndert.<\/p>\n\n\n\n<p>Nach einem \u201eRundgang\u201c durch Lulas Einzelausstellung \u201eSearch and Destroy\u201c im Raum404 werden wir in die Geschichte der Collage eintauchen, bevor wir in die Collage-Aktion eintauchen! Im Laufe von zwei Tagen werden wir \u00fcber die aktuellen Themen der uns umgebenden Medien nachdenken und dieses Thema in Form von Collagen bearbeiten.Wir werden verschiedene Materialien und Techniken verwenden. Werkzeuge und Collagenmaterial wird gestellt, aber bitte bringt B\u00fccher oder Zeitschriften mit, deren Themen ihr gerne bearbeiten oder austauschen m\u00f6chtet.<\/p>\n\n\n\n<p>www.lulavalletta.com<\/p>\n\n\n\n<p>@lulavalletta<\/p>\n\n\n\n<p>Gef\u00f6rdert von Karin und Uwe Hollweg Stiftung und dem Seantor f\u00fcr Kultur so wie dem Ortsamt Mitte \/ \u00f6stliche Vorstadt<\/p>\n","protected":false},"excerpt":{"rendered":"<p>Workshop: 28. &#8211; 29.06. 2025, 13:00 bis 18:00 Anmeldungen: zinefest@kulturbuero-bremen.de Ort: Raum404, Nicolaistrasse 34\/36, 20195 Bremen der Worshop findet statt<\/p>\n","protected":false},"author":1,"featured_media":2429,"parent":0,"menu_order":0,"comment_status":"closed","ping_status":"closed","template":"","meta":[],"_links":{"self":[{"href":"https:\/\/kulturbuero-bremen.de\/en\/wp-json\/wp\/v2\/pages\/2422"}],"collection":[{"href":"https:\/\/kulturbuero-bremen.de\/en\/wp-json\/wp\/v2\/pages"}],"about":[{"href":"https:\/\/kulturbuero-bremen.de\/en\/wp-json\/wp\/v2\/types\/page"}],"author":[{"embeddable":true,"href":"https:\/\/kulturbuero-bremen.de\/en\/wp-json\/wp\/v2\/users\/1"}],"replies":[{"embeddable":true,"href":"https:\/\/kulturbuero-bremen.de\/en\/wp-json\/wp\/v2\/comments?post=2422"}],"version-history":[{"count":2,"href":"https:\/\/kulturbuero-bremen.de\/en\/wp-json\/wp\/v2\/pages\/2422\/revisions"}],"predecessor-version":[{"id":2494,"href":"https:\/\/kulturbuero-bremen.de\/en\/wp-json\/wp\/v2\/pages\/2422\/revisions\/2494"}],"wp:featuredmedia":[{"embeddable":true,"href":"https:\/\/kulturbuero-bremen.de\/en\/wp-json\/wp\/v2\/media\/2429"}],"wp:attachment":[{"href":"https:\/\/kulturbuero-bremen.de\/en\/wp-json\/wp\/v2\/media?parent=2422"}],"curies":[{"name":"wp","href":"https:\/\/api.w.org\/{rel}","templated":true}]}}