{"id":1156,"date":"2023-02-17T15:23:30","date_gmt":"2023-02-17T14:23:30","guid":{"rendered":"https:\/\/kulturbuero-bremen.de\/newsletter\/"},"modified":"2023-05-12T15:25:37","modified_gmt":"2023-05-12T13:25:37","slug":"newsletter","status":"publish","type":"page","link":"https:\/\/kulturbuero-bremen.de\/en\/newsletter\/","title":{"rendered":"Newsletter"},"content":{"rendered":"\n<div class=\"wp-block-columns\">\n<div class=\"wp-block-column\" style=\"flex-basis:50%\"><div class=\"tnp tnp-subscription\">\n<form method=\"post\" action=\"https:\/\/kulturbuero-bremen.de\/en\/?na=s\">\n\n<input type=\"hidden\" name=\"nr\" value=\"page\"><input type=\"hidden\" name=\"nlang\" value=\"\"><div class=\"tnp-field tnp-field-email\"><label for=\"tnp-1\">Email<\/label>\n<input class=\"tnp-email\" type=\"email\" name=\"ne\" id=\"tnp-1\" value=\"\" required><\/div>\n<div class=\"tnp-field tnp-privacy-field\"><label><input type=\"checkbox\" name=\"ny\" required class=\"tnp-privacy\">&nbsp;Indem Du fortf\u00e4hrst, akzeptierst Du unsere Datenschutzerkl\u00e4rung.<\/label><\/div><div class=\"tnp-field tnp-field-button\"><input class=\"tnp-submit\" type=\"submit\" value=\"Anmelden\" >\n<\/div>\n<\/form>\n<\/div>\n\n<\/div>\n\n\n\n<div class=\"wp-block-column\" style=\"flex-basis:50%\"><\/div>\n<\/div>\n\n\n\n<p>&#8212; <a href=\"#english\">English Version<\/a> below. &#8212;<\/p>\n\n\n\n<h2>Datenschutzerkl\u00e4rung<\/h2>\n\n\n\n<p>Wir versenden \u00fcber den Zine-Festival-Newsletter maximal zwei E-Mails pro Kalenderjahr und \u00fcber den raum404\/Kulturnetz e.V.-Newsletter maximal eine E-Mail im Monat.<\/p>\n\n\n\n<p>Bremer Zine Festival: Eine E-Mail wird zu Beginn des Open Calls versendet und enth\u00e4lt Informationen zum Ort und zum genauen Zeitpunkt des Bremer Zine Festivals. Eine zweite E-Mail nach Ende des Open Calls enth\u00e4lt dann alle Informationen zu den Aussteller:innen sowie dem Rahmenprogramm des Festivals.<\/p>\n\n\n\n<p>Am Ende jeder E-Mail von uns befindet sich ein Link, \u00fcber den Du jederzeit das Abonnement beenden kannst. Durch das Aufrufen des Links wird Deine E-Mail-Adresse automatisch aus unserer Datenbank gel\u00f6scht.<\/p>\n\n\n\n<p>F\u00fcr den Newsletter-Versand ben\u00f6tigen und speichern wir ausschlie\u00dflich Deine E-Mail-Adresse. Weitere Informationen bzw. Meta-Daten zu Deiner Personen werden nicht erfasst, nicht gespeichert und auch nicht weitergegeben.<\/p>\n\n\n\n<p>Wir werden Deine E-Mail-Adresse zu keinem Zeitpunkt weitergeben. Wir speichern Deine E-Mail-Adresse in unserer MySQL-Datenbank auf unserer privaten Partition auf einem DSGVO-konformen Server in Dresden (DE). Der Server wird von unserem Webhoster ALL-INK betrieben:<\/p>\n\n\n\n<p>ALL-INKL.COM &#8211; Neue Medien M\u00fcnnich, Hauptstra\u00dfe 68, D-02742 Friedersdorf.<\/p>\n\n\n\n<hr class=\"wp-block-separator\"\/>\n\n\n\n<p id=\"english\">English Version<\/p>\n\n\n\n<h2>Privacy Policy<\/h2>\n\n\n\n<p>Via the Bremen Zine Festival newsletter we send a maximum of two emails per calendar year and via the raum404\/Kulturnetz e.V. newsletter we send a maximum of one email per month.<\/p>\n\n\n\n<p>Bremen Zine Festival: One email will be sent at the beginning of the Open Call and will contain information about the location and exact date of the Bremen Zine Festival. A second email after the end of the Open Call will then contain all information about the exhibitors as well as the supporting program of the festival.<\/p>\n\n\n\n<p>At the end of each email from us is a link that you can use to unsubscribe at any time. Accessing the link will automatically delete your email address from our database.<\/p>\n\n\n\n<p>For the newsletter dispatch we need and store only your e-mail address. Further information or meta-data about your person will not be collected, stored or shared.<\/p>\n\n\n\n<p>We will not share your email address at any time. We store your email address in our MySQL database on our private partition on a DSGVO compliant server in Dresden (DE). The server is operated by our web hoster ALL-INK:<\/p>\n\n\n\n<p>ALL-INKL.COM &#8211; New Media M\u00fcnnich, Hauptstra\u00dfe 68, D-02742 Friedersdorf.<\/p>\n","protected":false},"excerpt":{"rendered":"<p>&#8212; English Version below. &#8212; Datenschutzerkl\u00e4rung Wir versenden \u00fcber den Zine-Festival-Newsletter maximal zwei E-Mails pro Kalenderjahr und \u00fcber den raum404\/Kulturnetz<\/p>\n","protected":false},"author":1,"featured_media":0,"parent":0,"menu_order":0,"comment_status":"closed","ping_status":"closed","template":"","meta":[],"_links":{"self":[{"href":"https:\/\/kulturbuero-bremen.de\/en\/wp-json\/wp\/v2\/pages\/1156"}],"collection":[{"href":"https:\/\/kulturbuero-bremen.de\/en\/wp-json\/wp\/v2\/pages"}],"about":[{"href":"https:\/\/kulturbuero-bremen.de\/en\/wp-json\/wp\/v2\/types\/page"}],"author":[{"embeddable":true,"href":"https:\/\/kulturbuero-bremen.de\/en\/wp-json\/wp\/v2\/users\/1"}],"replies":[{"embeddable":true,"href":"https:\/\/kulturbuero-bremen.de\/en\/wp-json\/wp\/v2\/comments?post=1156"}],"version-history":[{"count":7,"href":"https:\/\/kulturbuero-bremen.de\/en\/wp-json\/wp\/v2\/pages\/1156\/revisions"}],"predecessor-version":[{"id":1293,"href":"https:\/\/kulturbuero-bremen.de\/en\/wp-json\/wp\/v2\/pages\/1156\/revisions\/1293"}],"wp:attachment":[{"href":"https:\/\/kulturbuero-bremen.de\/en\/wp-json\/wp\/v2\/media?parent=1156"}],"curies":[{"name":"wp","href":"https:\/\/api.w.org\/{rel}","templated":true}]}}